{"id":108,"date":"2024-08-20T15:00:52","date_gmt":"2024-08-20T15:00:52","guid":{"rendered":"https:\/\/retinagroupe.com\/?page_id=108"},"modified":"2024-08-20T15:00:52","modified_gmt":"2024-08-20T15:00:52","slug":"multimedia","status":"publish","type":"page","link":"https:\/\/retinagroupe.com\/?page_id=108","title":{"rendered":"Multim\u00e9dia"},"content":{"rendered":"<p>Chez R\u00e9tina Group, nous transformons vos id\u00e9es en exp\u00e9riences multim\u00e9dia captivantes. Notre \u00e9quipe de cr\u00e9atifs utilise une combinaison d&rsquo;images, de vid\u00e9os et d&rsquo;audio pour donner vie \u00e0 vos projets et captiver votre audience.<\/p>\n<p>Nos Services Multim\u00e9dia Incluent :<\/p>\n<p>&#8211; Cr\u00e9ation Vid\u00e9o : R\u00e9alisation de vid\u00e9os professionnelles, publicitaires, et de pr\u00e9sentation pour engager votre public.<br \/>\n&#8211; Graphisme : Conception de visuels attrayants pour vos supports num\u00e9riques et imprim\u00e9s.<br \/>\n&#8211; Animation : Cr\u00e9ation d&rsquo;animations 2D et 3D pour illustrer vos id\u00e9es de mani\u00e8re dynamique.<\/p>\n<p>Pourquoi Travailler Avec Nous ?<\/p>\n<p>&#8211; Cr\u00e9ativit\u00e9: Une \u00e9quipe innovante pr\u00eate \u00e0 donner vie \u00e0 vos projets.<br \/>\n&#8211; Qualit\u00e9 : Des productions de haute qualit\u00e9 qui r\u00e9pondent \u00e0 vos attentes.<br \/>\n&#8211; Expertise : Une ma\u00eetrise des derni\u00e8res technologies multim\u00e9dia pour un rendu impeccable.<\/p>\n<p>Faites le choix de l&rsquo;excellence et laissez-nous cr\u00e9er des contenus multim\u00e9dia qui captivent et inspirent. Contactez-nous d\u00e8s aujourd&rsquo;hui pour d\u00e9couvrir comment nous pouvons vous aider \u00e0 r\u00e9aliser vos ambitions !<\/p>\n","protected":false},"excerpt":{"rendered":"<p>Chez R\u00e9tina Group, nous transformons vos id\u00e9es en exp\u00e9riences multim\u00e9dia captivantes. Notre \u00e9quipe de cr\u00e9atifs utilise une combinaison d&rsquo;images, de vid\u00e9os et d&rsquo;audio pour donner vie \u00e0 vos projets et captiver votre audience. Nos Services Multim\u00e9dia Incluent : &#8211; Cr\u00e9ation Vid\u00e9o : R\u00e9alisation de vid\u00e9os professionnelles, publicitaires, et de pr\u00e9sentation pour engager votre public. &#8211; Graphisme : Conception de visuels attrayants pour vos supports num\u00e9riques et imprim\u00e9s. &#8211; Animation : Cr\u00e9ation d&rsquo;animations 2D et 3D pour illustrer vos id\u00e9es de mani\u00e8re dynamique. Pourquoi Travailler Avec Nous ? &#8211; Cr\u00e9ativit\u00e9: Une \u00e9quipe innovante pr\u00eate \u00e0 donner vie \u00e0 vos projets. &#8211;&#8230; <\/p>\n","protected":false},"author":1,"featured_media":0,"parent":0,"menu_order":0,"comment_status":"closed","ping_status":"closed","template":"template-full-screen.php","meta":{"footnotes":""},"class_list":["post-108","page","type-page","status-publish","hentry"],"_links":{"self":[{"href":"https:\/\/retinagroupe.com\/index.php?rest_route=\/wp\/v2\/pages\/108"}],"collection":[{"href":"https:\/\/retinagroupe.com\/index.php?rest_route=\/wp\/v2\/pages"}],"about":[{"href":"https:\/\/retinagroupe.com\/index.php?rest_route=\/wp\/v2\/types\/page"}],"author":[{"embeddable":true,"href":"https:\/\/retinagroupe.com\/index.php?rest_route=\/wp\/v2\/users\/1"}],"replies":[{"embeddable":true,"href":"https:\/\/retinagroupe.com\/index.php?rest_route=%2Fwp%2Fv2%2Fcomments&post=108"}],"version-history":[{"count":1,"href":"https:\/\/retinagroupe.com\/index.php?rest_route=\/wp\/v2\/pages\/108\/revisions"}],"predecessor-version":[{"id":109,"href":"https:\/\/retinagroupe.com\/index.php?rest_route=\/wp\/v2\/pages\/108\/revisions\/109"}],"wp:attachment":[{"href":"https:\/\/retinagroupe.com\/index.php?rest_route=%2Fwp%2Fv2%2Fmedia&parent=108"}],"curies":[{"name":"wp","href":"https:\/\/api.w.org\/{rel}","templated":true}]}}