{"id":49,"date":"2024-02-20T12:45:29","date_gmt":"2024-02-20T11:45:29","guid":{"rendered":"https:\/\/retinagroupe.com\/?page_id=49"},"modified":"2024-02-20T12:45:29","modified_gmt":"2024-02-20T11:45:29","slug":"supply-chain","status":"publish","type":"page","link":"https:\/\/retinagroupe.com\/?page_id=49","title":{"rendered":"Supply Chain"},"content":{"rendered":"<p><strong>Votre Partenaire de Confiance pour des Solutions Logistiques Globales<\/strong><\/p>\n<p>Chez R\u00e9tina Group, nous sommes aussi sp\u00e9cialis\u00e9s dans la gestion efficace et fiable des flux de marchandises \u00e0 travers le monde. Avec une expertise approfondie dans les domaines du transport, de la logistique et de la gestion des cha\u00eenes d&rsquo;approvisionnement, nous nous engageons \u00e0 offrir des solutions sur mesure qui r\u00e9pondent aux besoins uniques de chaque client.<\/p>\n<p><strong>Nos Services :<\/strong><\/p>\n<ul>\n<li>Transport international par voie terrestre, maritime et a\u00e9rienne<\/li>\n<li>Gestion de la logistique et de l&rsquo;entreposage<\/li>\n<li>Services de d\u00e9douanement et de documentation<\/li>\n<li>Suivi et tra\u00e7abilit\u00e9 des exp\u00e9ditions en temps r\u00e9el<\/li>\n<li>Solutions de gestion des stocks et des commandes<\/li>\n<li>Conseil en optimisation des cha\u00eenes d&rsquo;approvisionnement<\/li>\n<\/ul>\n<p><strong>Pourquoi Choisir R\u00e9tina Group ?<\/strong><\/p>\n<ul>\n<li>Expertise sectorielle : Notre \u00e9quipe poss\u00e8de une connaissance approfondie des d\u00e9fis sp\u00e9cifiques \u00e0 diff\u00e9rents secteurs d&rsquo;activit\u00e9, ce qui nous permet de proposer des solutions adapt\u00e9es.<\/li>\n<li>R\u00e9seau mondial : Gr\u00e2ce \u00e0 notre vaste r\u00e9seau de partenaires et de fournisseurs \u00e0 travers le monde, nous sommes en mesure d&rsquo;assurer une couverture compl\u00e8te et une connectivit\u00e9 globale.<\/li>\n<li>Technologie avanc\u00e9e : Nous utilisons les derni\u00e8res technologies de suivi et de gestion pour garantir une visibilit\u00e9 totale sur vos exp\u00e9ditions et une efficacit\u00e9 op\u00e9rationnelle maximale.<\/li>\n<li>Engagement envers la satisfaction client : Votre satisfaction est notre priorit\u00e9 absolue. Nous nous engageons \u00e0 fournir un service personnalis\u00e9 et \u00e0 r\u00e9pondre \u00e0 vos besoins avec professionnalisme et r\u00e9activit\u00e9.<\/li>\n<\/ul>\n<p>Nous sommes d\u00e9termin\u00e9s \u00e0 simplifier et \u00e0 optimiser votre cha\u00eene logistique, vous permettant de vous concentrer sur votre c\u0153ur de m\u00e9tier. Contactez-nous d\u00e8s aujourd&rsquo;hui pour d\u00e9couvrir comment nous pouvons vous aider \u00e0 atteindre vos objectifs logistiques.<\/p>\n","protected":false},"excerpt":{"rendered":"<p>Votre Partenaire de Confiance pour des Solutions Logistiques Globales Chez R\u00e9tina Group, nous sommes aussi sp\u00e9cialis\u00e9s dans la gestion efficace et fiable des flux de marchandises \u00e0 travers le monde. Avec une expertise approfondie dans les domaines du transport, de la logistique et de la gestion des cha\u00eenes d&rsquo;approvisionnement, nous nous engageons \u00e0 offrir des solutions sur mesure qui r\u00e9pondent aux besoins uniques de chaque client. Nos Services : Transport international par voie terrestre, maritime et a\u00e9rienne Gestion de la logistique et de l&rsquo;entreposage Services de d\u00e9douanement et de documentation Suivi et tra\u00e7abilit\u00e9 des exp\u00e9ditions en temps r\u00e9el Solutions de&#8230; <\/p>\n","protected":false},"author":1,"featured_media":0,"parent":0,"menu_order":0,"comment_status":"closed","ping_status":"closed","template":"template-full-width.php","meta":{"footnotes":""},"class_list":["post-49","page","type-page","status-publish","hentry"],"_links":{"self":[{"href":"https:\/\/retinagroupe.com\/index.php?rest_route=\/wp\/v2\/pages\/49"}],"collection":[{"href":"https:\/\/retinagroupe.com\/index.php?rest_route=\/wp\/v2\/pages"}],"about":[{"href":"https:\/\/retinagroupe.com\/index.php?rest_route=\/wp\/v2\/types\/page"}],"author":[{"embeddable":true,"href":"https:\/\/retinagroupe.com\/index.php?rest_route=\/wp\/v2\/users\/1"}],"replies":[{"embeddable":true,"href":"https:\/\/retinagroupe.com\/index.php?rest_route=%2Fwp%2Fv2%2Fcomments&post=49"}],"version-history":[{"count":1,"href":"https:\/\/retinagroupe.com\/index.php?rest_route=\/wp\/v2\/pages\/49\/revisions"}],"predecessor-version":[{"id":50,"href":"https:\/\/retinagroupe.com\/index.php?rest_route=\/wp\/v2\/pages\/49\/revisions\/50"}],"wp:attachment":[{"href":"https:\/\/retinagroupe.com\/index.php?rest_route=%2Fwp%2Fv2%2Fmedia&parent=49"}],"curies":[{"name":"wp","href":"https:\/\/api.w.org\/{rel}","templated":true}]}}